{"id":832,"date":"2024-06-13T10:43:20","date_gmt":"2024-06-13T10:43:20","guid":{"rendered":"https:\/\/ccdp.k8s.live.devhoop.com\/?page_id=832"},"modified":"2024-07-15T14:51:03","modified_gmt":"2024-07-15T14:51:03","slug":"certificazioni","status":"publish","type":"page","link":"https:\/\/www.ccdp.it\/en\/certificazioni\/","title":{"rendered":"Certifications"},"content":{"rendered":"<div data-elementor-type=\"wp-page\" data-elementor-id=\"832\" class=\"elementor elementor-832\" data-elementor-post-type=\"page\">\n\t\t\t\t\t\t<section class=\"elementor-section elementor-top-section elementor-element elementor-element-3e32bf7 elementor-section-full_width elementor-section-height-default elementor-section-height-default\" data-id=\"3e32bf7\" data-element_type=\"section\">\n\t\t\t\t\t\t<div class=\"elementor-container elementor-column-gap-default\">\n\t\t\t\t\t<div class=\"elementor-column elementor-col-100 elementor-top-column elementor-element elementor-element-a4b6ad7\" data-id=\"a4b6ad7\" data-element_type=\"column\">\n\t\t\t<div class=\"elementor-widget-wrap elementor-element-populated\">\n\t\t\t\t\t\t<div class=\"elementor-element elementor-element-933b1d2 elementor-invisible elementor-widget elementor-widget-heading\" data-id=\"933b1d2\" data-element_type=\"widget\" data-settings=\"{&quot;_animation&quot;:&quot;fadeIn&quot;,&quot;_animation_delay&quot;:200}\" data-widget_type=\"heading.default\">\n\t\t\t\t<div class=\"elementor-widget-container\">\n\t\t\t<style>\/*! elementor - v3.23.0 - 15-07-2024 *\/\n.elementor-heading-title{padding:0;margin:0;line-height:1}.elementor-widget-heading .elementor-heading-title[class*=elementor-size-]>a{color:inherit;font-size:inherit;line-height:inherit}.elementor-widget-heading .elementor-heading-title.elementor-size-small{font-size:15px}.elementor-widget-heading .elementor-heading-title.elementor-size-medium{font-size:19px}.elementor-widget-heading .elementor-heading-title.elementor-size-large{font-size:29px}.elementor-widget-heading .elementor-heading-title.elementor-size-xl{font-size:39px}.elementor-widget-heading .elementor-heading-title.elementor-size-xxl{font-size:59px}<\/style><h1 class=\"elementor-heading-title elementor-size-default\">Certifications<\/h1>\t\t<\/div>\n\t\t\t\t<\/div>\n\t\t\t\t\t<\/div>\n\t\t<\/div>\n\t\t\t\t\t<\/div>\n\t\t<\/section>\n\t\t\t\t<section class=\"elementor-section elementor-top-section elementor-element elementor-element-e5d326b elementor-section-full_width elementor-section-height-default elementor-section-height-default\" data-id=\"e5d326b\" data-element_type=\"section\">\n\t\t\t\t\t\t<div class=\"elementor-container elementor-column-gap-default\">\n\t\t\t\t\t<div class=\"elementor-column elementor-col-100 elementor-top-column elementor-element elementor-element-69fad8d\" data-id=\"69fad8d\" data-element_type=\"column\">\n\t\t\t<div class=\"elementor-widget-wrap elementor-element-populated\">\n\t\t\t\t\t\t<div class=\"elementor-element elementor-element-1fcd0ef elementor-widget elementor-widget-image\" data-id=\"1fcd0ef\" data-element_type=\"widget\" data-widget_type=\"image.default\">\n\t\t\t\t<div class=\"elementor-widget-container\">\n\t\t\t<style>\/*! elementor - v3.23.0 - 15-07-2024 *\/\n.elementor-widget-image{text-align:center}.elementor-widget-image a{display:inline-block}.elementor-widget-image a img[src$=\".svg\"]{width:48px}.elementor-widget-image img{vertical-align:middle;display:inline-block}<\/style>\t\t\t\t\t\t\t\t\t\t<img fetchpriority=\"high\" decoding=\"async\" width=\"1600\" height=\"759\" src=\"https:\/\/www.ccdp.it\/wp-content\/uploads\/2024\/06\/certificazioni.jpg\" class=\"attachment-full size-full wp-image-926\" alt=\"Consorzio Casalasco Del Pomodoro\" srcset=\"https:\/\/www.ccdp.it\/wp-content\/uploads\/2024\/06\/certificazioni.jpg 1600w, https:\/\/www.ccdp.it\/wp-content\/uploads\/2024\/06\/certificazioni-300x142.jpg 300w, https:\/\/www.ccdp.it\/wp-content\/uploads\/2024\/06\/certificazioni-1024x486.jpg 1024w, https:\/\/www.ccdp.it\/wp-content\/uploads\/2024\/06\/certificazioni-768x364.jpg 768w, https:\/\/www.ccdp.it\/wp-content\/uploads\/2024\/06\/certificazioni-1536x729.jpg 1536w\" sizes=\"(max-width: 1600px) 100vw, 1600px\" \/>\t\t\t\t\t\t\t\t\t\t\t\t\t<\/div>\n\t\t\t\t<\/div>\n\t\t\t\t\t<\/div>\n\t\t<\/div>\n\t\t\t\t\t<\/div>\n\t\t<\/section>\n\t\t\t\t<section class=\"elementor-section elementor-top-section elementor-element elementor-element-77b4530 elementor-section-boxed elementor-section-height-default elementor-section-height-default\" data-id=\"77b4530\" data-element_type=\"section\" data-settings=\"{&quot;background_background&quot;:&quot;classic&quot;}\">\n\t\t\t\t\t\t<div class=\"elementor-container elementor-column-gap-no\">\n\t\t\t\t\t<div class=\"elementor-column elementor-col-100 elementor-top-column elementor-element elementor-element-4d5c083\" data-id=\"4d5c083\" data-element_type=\"column\">\n\t\t\t<div class=\"elementor-widget-wrap elementor-element-populated\">\n\t\t\t\t\t\t<div class=\"elementor-element elementor-element-a09ef7d elementor-invisible elementor-widget elementor-widget-heading\" data-id=\"a09ef7d\" data-element_type=\"widget\" data-settings=\"{&quot;_animation&quot;:&quot;fadeIn&quot;,&quot;_animation_delay&quot;:200}\" data-widget_type=\"heading.default\">\n\t\t\t\t<div class=\"elementor-widget-container\">\n\t\t\t<h5 class=\"elementor-heading-title elementor-size-default\">CERTIFICATIONS\n\n<\/h5>\t\t<\/div>\n\t\t\t\t<\/div>\n\t\t\t\t<div class=\"elementor-element elementor-element-834af37 elementor-invisible elementor-widget elementor-widget-heading\" data-id=\"834af37\" data-element_type=\"widget\" data-settings=\"{&quot;_animation&quot;:&quot;fadeIn&quot;,&quot;_animation_delay&quot;:200}\" data-widget_type=\"heading.default\">\n\t\t\t\t<div class=\"elementor-widget-container\">\n\t\t\t<h2 class=\"elementor-heading-title elementor-size-default\">ALWAYS MONITORED<\/h2>\t\t<\/div>\n\t\t\t\t<\/div>\n\t\t\t\t<div class=\"elementor-element elementor-element-d411e85 elementor-invisible elementor-widget elementor-widget-text-editor\" data-id=\"d411e85\" data-element_type=\"widget\" data-settings=\"{&quot;_animation&quot;:&quot;fadeIn&quot;,&quot;_animation_delay&quot;:400}\" data-widget_type=\"text-editor.default\">\n\t\t\t\t<div class=\"elementor-widget-container\">\n\t\t\t<style>\/*! elementor - v3.23.0 - 15-07-2024 *\/\n.elementor-widget-text-editor.elementor-drop-cap-view-stacked .elementor-drop-cap{background-color:#69727d;color:#fff}.elementor-widget-text-editor.elementor-drop-cap-view-framed .elementor-drop-cap{color:#69727d;border:3px solid;background-color:transparent}.elementor-widget-text-editor:not(.elementor-drop-cap-view-default) .elementor-drop-cap{margin-top:8px}.elementor-widget-text-editor:not(.elementor-drop-cap-view-default) .elementor-drop-cap-letter{width:1em;height:1em}.elementor-widget-text-editor .elementor-drop-cap{float:left;text-align:center;line-height:1;font-size:50px}.elementor-widget-text-editor .elementor-drop-cap-letter{display:inline-block}<\/style>\t\t\t\t<p class=\" translation-block\">The company plants, as well as the fresh tomato supply chain and its traceability, are certified according to the highest international standards.<br>\nThe taste of a Casalasco-packed passata tomato sauce always has a clear and identifiable origin: a love of flavour and of the environment.<\/p>\t\t\t\t\t\t<\/div>\n\t\t\t\t<\/div>\n\t\t\t\t\t<\/div>\n\t\t<\/div>\n\t\t\t\t\t<\/div>\n\t\t<\/section>\n\t\t\t\t<section class=\"elementor-section elementor-top-section elementor-element elementor-element-f183760 elementor-section-boxed elementor-section-height-default elementor-section-height-default\" data-id=\"f183760\" data-element_type=\"section\" data-settings=\"{&quot;background_background&quot;:&quot;classic&quot;}\">\n\t\t\t\t\t\t<div class=\"elementor-container elementor-column-gap-no\">\n\t\t\t\t\t<div class=\"elementor-column elementor-col-25 elementor-top-column elementor-element elementor-element-1708401\" data-id=\"1708401\" data-element_type=\"column\">\n\t\t\t<div class=\"elementor-widget-wrap elementor-element-populated\">\n\t\t\t\t\t\t<div class=\"elementor-element elementor-element-d3d43cc elementor-widget elementor-widget-image\" data-id=\"d3d43cc\" data-element_type=\"widget\" data-widget_type=\"image.default\">\n\t\t\t\t<div class=\"elementor-widget-container\">\n\t\t\t\t\t\t\t\t\t\t\t\t\t<img decoding=\"async\" width=\"223\" height=\"170\" src=\"https:\/\/www.ccdp.it\/wp-content\/uploads\/2024\/06\/qualita_controllata.jpg\" class=\"attachment-large size-large wp-image-847\" alt=\"\" \/>\t\t\t\t\t\t\t\t\t\t\t\t\t<\/div>\n\t\t\t\t<\/div>\n\t\t\t\t<div class=\"elementor-element elementor-element-513ada9 elementor-invisible elementor-widget elementor-widget-text-editor\" data-id=\"513ada9\" data-element_type=\"widget\" data-settings=\"{&quot;_animation&quot;:&quot;fadeIn&quot;,&quot;_animation_delay&quot;:400}\" data-widget_type=\"text-editor.default\">\n\t\t\t\t<div class=\"elementor-widget-container\">\n\t\t\t\t\t\t\t<p class=\" translation-block\"><strong>Certificate No. IT313096-1<\/strong>\nSpecifications guaranteeing cultivation under the integrated production system<\/p>\t\t\t\t\t\t<\/div>\n\t\t\t\t<\/div>\n\t\t\t\t\t<\/div>\n\t\t<\/div>\n\t\t\t\t<div class=\"elementor-column elementor-col-25 elementor-top-column elementor-element elementor-element-33e6bef\" data-id=\"33e6bef\" data-element_type=\"column\">\n\t\t\t<div class=\"elementor-widget-wrap elementor-element-populated\">\n\t\t\t\t\t\t<div class=\"elementor-element elementor-element-1d24b75 elementor-widget elementor-widget-image\" data-id=\"1d24b75\" data-element_type=\"widget\" data-widget_type=\"image.default\">\n\t\t\t\t<div class=\"elementor-widget-container\">\n\t\t\t\t\t\t\t\t\t\t\t\t\t<img decoding=\"async\" width=\"266\" height=\"129\" src=\"https:\/\/www.ccdp.it\/wp-content\/uploads\/2024\/06\/certificato.jpg\" class=\"attachment-large size-large wp-image-845\" alt=\"\" \/>\t\t\t\t\t\t\t\t\t\t\t\t\t<\/div>\n\t\t\t\t<\/div>\n\t\t\t\t<div class=\"elementor-element elementor-element-debf6be elementor-invisible elementor-widget elementor-widget-text-editor\" data-id=\"debf6be\" data-element_type=\"widget\" data-settings=\"{&quot;_animation&quot;:&quot;fadeIn&quot;,&quot;_animation_delay&quot;:400}\" data-widget_type=\"text-editor.default\">\n\t\t\t\t<div class=\"elementor-widget-container\">\n\t\t\t\t\t\t\t<p class=\" translation-block\"><strong>Certificate No. IT313101-1<\/strong><br>\n100% Italian tomato and controlled supply chain using non-GMO seeds<\/p>\t\t\t\t\t\t<\/div>\n\t\t\t\t<\/div>\n\t\t\t\t\t<\/div>\n\t\t<\/div>\n\t\t\t\t<div class=\"elementor-column elementor-col-25 elementor-top-column elementor-element elementor-element-3ea26de\" data-id=\"3ea26de\" data-element_type=\"column\">\n\t\t\t<div class=\"elementor-widget-wrap elementor-element-populated\">\n\t\t\t\t\t\t<div class=\"elementor-element elementor-element-0324345 elementor-widget elementor-widget-image\" data-id=\"0324345\" data-element_type=\"widget\" data-widget_type=\"image.default\">\n\t\t\t\t<div class=\"elementor-widget-container\">\n\t\t\t\t\t\t\t\t\t\t\t\t\t<img decoding=\"async\" width=\"266\" height=\"129\" src=\"https:\/\/www.ccdp.it\/wp-content\/uploads\/2024\/06\/certificato.jpg\" class=\"attachment-large size-large wp-image-845\" alt=\"\" \/>\t\t\t\t\t\t\t\t\t\t\t\t\t<\/div>\n\t\t\t\t<\/div>\n\t\t\t\t<div class=\"elementor-element elementor-element-c441b7f elementor-invisible elementor-widget elementor-widget-text-editor\" data-id=\"c441b7f\" data-element_type=\"widget\" data-settings=\"{&quot;_animation&quot;:&quot;fadeIn&quot;,&quot;_animation_delay&quot;:400}\" data-widget_type=\"text-editor.default\">\n\t\t\t\t<div class=\"elementor-widget-container\">\n\t\t\t\t\t\t\t<p class=\" translation-block\"><strong>GGN: Certificate No. 4049928598165<\/strong><br>\nCertification for good agricultural practices\n<strong>GLOBALGAP<\/strong><\/p>\t\t\t\t\t\t<\/div>\n\t\t\t\t<\/div>\n\t\t\t\t\t<\/div>\n\t\t<\/div>\n\t\t\t\t<div class=\"elementor-column elementor-col-25 elementor-top-column elementor-element elementor-element-2411124\" data-id=\"2411124\" data-element_type=\"column\">\n\t\t\t<div class=\"elementor-widget-wrap elementor-element-populated\">\n\t\t\t\t\t\t<div class=\"elementor-element elementor-element-67d1b28 elementor-widget elementor-widget-image\" data-id=\"67d1b28\" data-element_type=\"widget\" data-widget_type=\"image.default\">\n\t\t\t\t<div class=\"elementor-widget-container\">\n\t\t\t\t\t\t\t\t\t\t\t\t\t<img decoding=\"async\" width=\"266\" height=\"129\" src=\"https:\/\/www.ccdp.it\/wp-content\/uploads\/2024\/06\/certificato.jpg\" class=\"attachment-large size-large wp-image-845\" alt=\"\" \/>\t\t\t\t\t\t\t\t\t\t\t\t\t<\/div>\n\t\t\t\t<\/div>\n\t\t\t\t<div class=\"elementor-element elementor-element-e968d55 elementor-invisible elementor-widget elementor-widget-text-editor\" data-id=\"e968d55\" data-element_type=\"widget\" data-settings=\"{&quot;_animation&quot;:&quot;fadeIn&quot;,&quot;_animation_delay&quot;:400}\" data-widget_type=\"text-editor.default\">\n\t\t\t\t<div class=\"elementor-widget-container\">\n\t\t\t\t\t\t\t<p class=\" translation-block\"><strong>Certificate No. IT313104-1<\/strong><br>\nISO 22005: Supply chain traceability<\/p>\t\t\t\t\t\t<\/div>\n\t\t\t\t<\/div>\n\t\t\t\t\t<\/div>\n\t\t<\/div>\n\t\t\t\t\t<\/div>\n\t\t<\/section>\n\t\t\t\t<\/div>","protected":false},"excerpt":{"rendered":"<p>Certificazioni CERTIFICAZIONI \u00c8 CONTROLLATO SEMPRE Gli stabilimenti della societ\u00e0, cos\u00ec come la filiera del pomodoro fresco e la sua tracciabilit\u00e0 sono certificati secondo i pi\u00f9 elevati standard internazionali.Il gusto di una passata confezionata da Casalasco ha un\u2019origine sempre chiara e identificabile: l\u2019amore per il sapore e per l\u2019ambiente. Certificato N\u00b0 IT313096-1Disciplinare che garantisce le coltivazioni [&hellip;]<\/p>","protected":false},"author":4,"featured_media":0,"parent":0,"menu_order":0,"comment_status":"closed","ping_status":"closed","template":"","meta":{"_acf_changed":false,"site-sidebar-layout":"no-sidebar","site-content-layout":"page-builder","ast-site-content-layout":"full-width-container","site-content-style":"unboxed","site-sidebar-style":"unboxed","ast-global-header-display":"","ast-banner-title-visibility":"","ast-main-header-display":"","ast-hfb-above-header-display":"","ast-hfb-below-header-display":"","ast-hfb-mobile-header-display":"","site-post-title":"disabled","ast-breadcrumbs-content":"","ast-featured-img":"disabled","footer-sml-layout":"","theme-transparent-header-meta":"","adv-header-id-meta":"","stick-header-meta":"","header-above-stick-meta":"","header-main-stick-meta":"","header-below-stick-meta":"","astra-migrate-meta-layouts":"set","ast-page-background-enabled":"default","ast-page-background-meta":{"desktop":{"background-color":"var(--ast-global-color-4)","background-image":"","background-repeat":"repeat","background-position":"center center","background-size":"auto","background-attachment":"scroll","background-type":"","background-media":"","overlay-type":"","overlay-color":"","overlay-gradient":""},"tablet":{"background-color":"","background-image":"","background-repeat":"repeat","background-position":"center center","background-size":"auto","background-attachment":"scroll","background-type":"","background-media":"","overlay-type":"","overlay-color":"","overlay-gradient":""},"mobile":{"background-color":"","background-image":"","background-repeat":"repeat","background-position":"center center","background-size":"auto","background-attachment":"scroll","background-type":"","background-media":"","overlay-type":"","overlay-color":"","overlay-gradient":""}},"ast-content-background-meta":{"desktop":{"background-color":"var(--ast-global-color-5)","background-image":"","background-repeat":"repeat","background-position":"center center","background-size":"auto","background-attachment":"scroll","background-type":"","background-media":"","overlay-type":"","overlay-color":"","overlay-gradient":""},"tablet":{"background-color":"var(--ast-global-color-5)","background-image":"","background-repeat":"repeat","background-position":"center center","background-size":"auto","background-attachment":"scroll","background-type":"","background-media":"","overlay-type":"","overlay-color":"","overlay-gradient":""},"mobile":{"background-color":"var(--ast-global-color-5)","background-image":"","background-repeat":"repeat","background-position":"center center","background-size":"auto","background-attachment":"scroll","background-type":"","background-media":"","overlay-type":"","overlay-color":"","overlay-gradient":""}},"footnotes":""},"class_list":["post-832","page","type-page","status-publish","hentry"],"acf":[],"yoast_head":"<!-- This site is optimized with the Yoast SEO plugin v23.0 - https:\/\/yoast.com\/wordpress\/plugins\/seo\/ -->\n<title>Certificazioni | Consorzio Casalasco Del Pomodoro<\/title>\n<meta name=\"description\" content=\"Le certificazioni del Consorzio Casalasco Del Pomodoro perseguono la migliore qualit\u00e0 e sostenibilit\u00e0 possibile. Scopri i riconoscimenti.\" \/>\n<meta name=\"robots\" content=\"index, follow, max-snippet:-1, max-image-preview:large, max-video-preview:-1\" \/>\n<link rel=\"canonical\" href=\"https:\/\/www.ccdp.it\/en\/certificazioni\/\" \/>\n<meta property=\"og:locale\" content=\"en_GB\" \/>\n<meta property=\"og:type\" content=\"article\" \/>\n<meta property=\"og:title\" content=\"Certificazioni | Consorzio Casalasco Del Pomodoro\" \/>\n<meta property=\"og:description\" content=\"Le certificazioni del Consorzio Casalasco Del Pomodoro perseguono la migliore qualit\u00e0 e sostenibilit\u00e0 possibile. Scopri i riconoscimenti.\" \/>\n<meta property=\"og:url\" content=\"https:\/\/www.ccdp.it\/en\/certificazioni\/\" \/>\n<meta property=\"og:site_name\" content=\"CCDP: Consorzio Casalasco del Pomodoro\" \/>\n<meta property=\"article:modified_time\" content=\"2024-07-15T14:51:03+00:00\" \/>\n<meta property=\"og:image\" content=\"https:\/\/www.ccdp.it\/wp-content\/uploads\/2024\/06\/certificazioni.jpg\" \/>\n<meta name=\"twitter:card\" content=\"summary_large_image\" \/>\n<meta name=\"twitter:label1\" content=\"Estimated reading time\" \/>\n\t<meta name=\"twitter:data1\" content=\"2 minutes\" \/>\n<script type=\"application\/ld+json\" class=\"yoast-schema-graph\">{\"@context\":\"https:\/\/schema.org\",\"@graph\":[{\"@type\":\"WebPage\",\"@id\":\"https:\/\/www.ccdp.it\/certificazioni\/\",\"url\":\"https:\/\/www.ccdp.it\/certificazioni\/\",\"name\":\"Certificazioni | Consorzio Casalasco Del Pomodoro\",\"isPartOf\":{\"@id\":\"https:\/\/www.ccdp.it\/#website\"},\"primaryImageOfPage\":{\"@id\":\"https:\/\/www.ccdp.it\/certificazioni\/#primaryimage\"},\"image\":{\"@id\":\"https:\/\/www.ccdp.it\/certificazioni\/#primaryimage\"},\"thumbnailUrl\":\"https:\/\/www.ccdp.it\/wp-content\/uploads\/2024\/06\/certificazioni.jpg\",\"datePublished\":\"2024-06-13T10:43:20+00:00\",\"dateModified\":\"2024-07-15T14:51:03+00:00\",\"description\":\"Le certificazioni del Consorzio Casalasco Del Pomodoro perseguono la migliore qualit\u00e0 e sostenibilit\u00e0 possibile. Scopri i riconoscimenti.\",\"breadcrumb\":{\"@id\":\"https:\/\/www.ccdp.it\/certificazioni\/#breadcrumb\"},\"inLanguage\":\"en-GB\",\"potentialAction\":[{\"@type\":\"ReadAction\",\"target\":[\"https:\/\/www.ccdp.it\/certificazioni\/\"]}]},{\"@type\":\"ImageObject\",\"inLanguage\":\"en-GB\",\"@id\":\"https:\/\/www.ccdp.it\/certificazioni\/#primaryimage\",\"url\":\"https:\/\/www.ccdp.it\/wp-content\/uploads\/2024\/06\/certificazioni.jpg\",\"contentUrl\":\"https:\/\/www.ccdp.it\/wp-content\/uploads\/2024\/06\/certificazioni.jpg\"},{\"@type\":\"BreadcrumbList\",\"@id\":\"https:\/\/www.ccdp.it\/certificazioni\/#breadcrumb\",\"itemListElement\":[{\"@type\":\"ListItem\",\"position\":1,\"name\":\"Home\",\"item\":\"https:\/\/www.ccdp.it\/\"},{\"@type\":\"ListItem\",\"position\":2,\"name\":\"Certificazioni\"}]},{\"@type\":\"WebSite\",\"@id\":\"https:\/\/www.ccdp.it\/#website\",\"url\":\"https:\/\/www.ccdp.it\/\",\"name\":\"CCDP: Consorzio Casalasco del Pomodoro\",\"description\":\"CCDP dal 1977 passione per la terra\",\"publisher\":{\"@id\":\"https:\/\/www.ccdp.it\/#organization\"},\"potentialAction\":[{\"@type\":\"SearchAction\",\"target\":{\"@type\":\"EntryPoint\",\"urlTemplate\":\"https:\/\/www.ccdp.it\/?s={search_term_string}\"},\"query-input\":\"required name=search_term_string\"}],\"inLanguage\":\"en-GB\"},{\"@type\":\"Organization\",\"@id\":\"https:\/\/www.ccdp.it\/#organization\",\"name\":\"CCDP: Consorzio Casalasco del Pomodoro\",\"url\":\"https:\/\/www.ccdp.it\/\",\"logo\":{\"@type\":\"ImageObject\",\"inLanguage\":\"en-GB\",\"@id\":\"https:\/\/www.ccdp.it\/#\/schema\/logo\/image\/\",\"url\":\"https:\/\/www.ccdp.it\/wp-content\/uploads\/2024\/06\/logo_CCDP.png\",\"contentUrl\":\"https:\/\/www.ccdp.it\/wp-content\/uploads\/2024\/06\/logo_CCDP.png\",\"width\":600,\"height\":435,\"caption\":\"CCDP: Consorzio Casalasco del Pomodoro\"},\"image\":{\"@id\":\"https:\/\/www.ccdp.it\/#\/schema\/logo\/image\/\"}}]}<\/script>\n<!-- \/ Yoast SEO plugin. -->","yoast_head_json":{"title":"Certificazioni | Consorzio Casalasco Del Pomodoro","description":"Le certificazioni del Consorzio Casalasco Del Pomodoro perseguono la migliore qualit\u00e0 e sostenibilit\u00e0 possibile. Scopri i riconoscimenti.","robots":{"index":"index","follow":"follow","max-snippet":"max-snippet:-1","max-image-preview":"max-image-preview:large","max-video-preview":"max-video-preview:-1"},"canonical":"https:\/\/www.ccdp.it\/en\/certificazioni\/","og_locale":"en_GB","og_type":"article","og_title":"Certificazioni | Consorzio Casalasco Del Pomodoro","og_description":"Le certificazioni del Consorzio Casalasco Del Pomodoro perseguono la migliore qualit\u00e0 e sostenibilit\u00e0 possibile. Scopri i riconoscimenti.","og_url":"https:\/\/www.ccdp.it\/en\/certificazioni\/","og_site_name":"CCDP: Consorzio Casalasco del Pomodoro","article_modified_time":"2024-07-15T14:51:03+00:00","og_image":[{"url":"https:\/\/www.ccdp.it\/wp-content\/uploads\/2024\/06\/certificazioni.jpg"}],"twitter_card":"summary_large_image","twitter_misc":{"Estimated reading time":"2 minutes"},"schema":{"@context":"https:\/\/schema.org","@graph":[{"@type":"WebPage","@id":"https:\/\/www.ccdp.it\/certificazioni\/","url":"https:\/\/www.ccdp.it\/certificazioni\/","name":"Certificazioni | Consorzio Casalasco Del Pomodoro","isPartOf":{"@id":"https:\/\/www.ccdp.it\/#website"},"primaryImageOfPage":{"@id":"https:\/\/www.ccdp.it\/certificazioni\/#primaryimage"},"image":{"@id":"https:\/\/www.ccdp.it\/certificazioni\/#primaryimage"},"thumbnailUrl":"https:\/\/www.ccdp.it\/wp-content\/uploads\/2024\/06\/certificazioni.jpg","datePublished":"2024-06-13T10:43:20+00:00","dateModified":"2024-07-15T14:51:03+00:00","description":"Le certificazioni del Consorzio Casalasco Del Pomodoro perseguono la migliore qualit\u00e0 e sostenibilit\u00e0 possibile. Scopri i riconoscimenti.","breadcrumb":{"@id":"https:\/\/www.ccdp.it\/certificazioni\/#breadcrumb"},"inLanguage":"en-GB","potentialAction":[{"@type":"ReadAction","target":["https:\/\/www.ccdp.it\/certificazioni\/"]}]},{"@type":"ImageObject","inLanguage":"en-GB","@id":"https:\/\/www.ccdp.it\/certificazioni\/#primaryimage","url":"https:\/\/www.ccdp.it\/wp-content\/uploads\/2024\/06\/certificazioni.jpg","contentUrl":"https:\/\/www.ccdp.it\/wp-content\/uploads\/2024\/06\/certificazioni.jpg"},{"@type":"BreadcrumbList","@id":"https:\/\/www.ccdp.it\/certificazioni\/#breadcrumb","itemListElement":[{"@type":"ListItem","position":1,"name":"Home","item":"https:\/\/www.ccdp.it\/"},{"@type":"ListItem","position":2,"name":"Certificazioni"}]},{"@type":"WebSite","@id":"https:\/\/www.ccdp.it\/#website","url":"https:\/\/www.ccdp.it\/","name":"CCDP: Consorzio Casalasco del Pomodoro","description":"CCDP dal 1977 passione per la terra","publisher":{"@id":"https:\/\/www.ccdp.it\/#organization"},"potentialAction":[{"@type":"SearchAction","target":{"@type":"EntryPoint","urlTemplate":"https:\/\/www.ccdp.it\/?s={search_term_string}"},"query-input":"required name=search_term_string"}],"inLanguage":"en-GB"},{"@type":"Organization","@id":"https:\/\/www.ccdp.it\/#organization","name":"CCDP: Consorzio Casalasco del Pomodoro","url":"https:\/\/www.ccdp.it\/","logo":{"@type":"ImageObject","inLanguage":"en-GB","@id":"https:\/\/www.ccdp.it\/#\/schema\/logo\/image\/","url":"https:\/\/www.ccdp.it\/wp-content\/uploads\/2024\/06\/logo_CCDP.png","contentUrl":"https:\/\/www.ccdp.it\/wp-content\/uploads\/2024\/06\/logo_CCDP.png","width":600,"height":435,"caption":"CCDP: Consorzio Casalasco del Pomodoro"},"image":{"@id":"https:\/\/www.ccdp.it\/#\/schema\/logo\/image\/"}}]}},"_links":{"self":[{"href":"https:\/\/www.ccdp.it\/en\/wp-json\/wp\/v2\/pages\/832","targetHints":{"allow":["GET"]}}],"collection":[{"href":"https:\/\/www.ccdp.it\/en\/wp-json\/wp\/v2\/pages"}],"about":[{"href":"https:\/\/www.ccdp.it\/en\/wp-json\/wp\/v2\/types\/page"}],"author":[{"embeddable":true,"href":"https:\/\/www.ccdp.it\/en\/wp-json\/wp\/v2\/users\/4"}],"replies":[{"embeddable":true,"href":"https:\/\/www.ccdp.it\/en\/wp-json\/wp\/v2\/comments?post=832"}],"version-history":[{"count":0,"href":"https:\/\/www.ccdp.it\/en\/wp-json\/wp\/v2\/pages\/832\/revisions"}],"wp:attachment":[{"href":"https:\/\/www.ccdp.it\/en\/wp-json\/wp\/v2\/media?parent=832"}],"curies":[{"name":"wp","href":"https:\/\/api.w.org\/{rel}","templated":true}]}}