{"id":781,"date":"2024-06-13T09:54:06","date_gmt":"2024-06-13T09:54:06","guid":{"rendered":"https:\/\/ccdp.k8s.live.devhoop.com\/?page_id=781"},"modified":"2024-07-15T14:46:57","modified_gmt":"2024-07-15T14:46:57","slug":"obiettivi","status":"publish","type":"page","link":"https:\/\/www.ccdp.it\/en\/obiettivi\/","title":{"rendered":"Objectives"},"content":{"rendered":"<div data-elementor-type=\"wp-page\" data-elementor-id=\"781\" class=\"elementor elementor-781\" data-elementor-post-type=\"page\">\n\t\t\t\t\t\t<section class=\"elementor-section elementor-top-section elementor-element elementor-element-3e32bf7 elementor-section-full_width elementor-section-height-default elementor-section-height-default\" data-id=\"3e32bf7\" data-element_type=\"section\">\n\t\t\t\t\t\t<div class=\"elementor-container elementor-column-gap-default\">\n\t\t\t\t\t<div class=\"elementor-column elementor-col-100 elementor-top-column elementor-element elementor-element-a4b6ad7\" data-id=\"a4b6ad7\" data-element_type=\"column\">\n\t\t\t<div class=\"elementor-widget-wrap elementor-element-populated\">\n\t\t\t\t\t\t<div class=\"elementor-element elementor-element-933b1d2 elementor-invisible elementor-widget elementor-widget-heading\" data-id=\"933b1d2\" data-element_type=\"widget\" data-settings=\"{&quot;_animation&quot;:&quot;fadeIn&quot;,&quot;_animation_delay&quot;:200}\" data-widget_type=\"heading.default\">\n\t\t\t\t<div class=\"elementor-widget-container\">\n\t\t\t<style>\/*! elementor - v3.23.0 - 15-07-2024 *\/\n.elementor-heading-title{padding:0;margin:0;line-height:1}.elementor-widget-heading .elementor-heading-title[class*=elementor-size-]>a{color:inherit;font-size:inherit;line-height:inherit}.elementor-widget-heading .elementor-heading-title.elementor-size-small{font-size:15px}.elementor-widget-heading .elementor-heading-title.elementor-size-medium{font-size:19px}.elementor-widget-heading .elementor-heading-title.elementor-size-large{font-size:29px}.elementor-widget-heading .elementor-heading-title.elementor-size-xl{font-size:39px}.elementor-widget-heading .elementor-heading-title.elementor-size-xxl{font-size:59px}<\/style><h1 class=\"elementor-heading-title elementor-size-default\">Objectives<\/h1>\t\t<\/div>\n\t\t\t\t<\/div>\n\t\t\t\t\t<\/div>\n\t\t<\/div>\n\t\t\t\t\t<\/div>\n\t\t<\/section>\n\t\t\t\t<section class=\"elementor-section elementor-top-section elementor-element elementor-element-e5d326b elementor-section-full_width elementor-section-height-default elementor-section-height-default\" data-id=\"e5d326b\" data-element_type=\"section\">\n\t\t\t\t\t\t<div class=\"elementor-container elementor-column-gap-default\">\n\t\t\t\t\t<div class=\"elementor-column elementor-col-100 elementor-top-column elementor-element elementor-element-69fad8d\" data-id=\"69fad8d\" data-element_type=\"column\">\n\t\t\t<div class=\"elementor-widget-wrap elementor-element-populated\">\n\t\t\t\t\t\t<div class=\"elementor-element elementor-element-1fcd0ef elementor-widget elementor-widget-image\" data-id=\"1fcd0ef\" data-element_type=\"widget\" data-widget_type=\"image.default\">\n\t\t\t\t<div class=\"elementor-widget-container\">\n\t\t\t<style>\/*! elementor - v3.23.0 - 15-07-2024 *\/\n.elementor-widget-image{text-align:center}.elementor-widget-image a{display:inline-block}.elementor-widget-image a img[src$=\".svg\"]{width:48px}.elementor-widget-image img{vertical-align:middle;display:inline-block}<\/style>\t\t\t\t\t\t\t\t\t\t<img fetchpriority=\"high\" decoding=\"async\" width=\"1600\" height=\"759\" src=\"https:\/\/www.ccdp.it\/wp-content\/uploads\/2024\/06\/man.jpg\" class=\"attachment-full size-full wp-image-794\" alt=\"Consorzio Casalasco Del Pomodoro\" srcset=\"https:\/\/www.ccdp.it\/wp-content\/uploads\/2024\/06\/man.jpg 1600w, https:\/\/www.ccdp.it\/wp-content\/uploads\/2024\/06\/man-300x142.jpg 300w, https:\/\/www.ccdp.it\/wp-content\/uploads\/2024\/06\/man-1024x486.jpg 1024w, https:\/\/www.ccdp.it\/wp-content\/uploads\/2024\/06\/man-768x364.jpg 768w, https:\/\/www.ccdp.it\/wp-content\/uploads\/2024\/06\/man-1536x729.jpg 1536w\" sizes=\"(max-width: 1600px) 100vw, 1600px\" \/>\t\t\t\t\t\t\t\t\t\t\t\t\t<\/div>\n\t\t\t\t<\/div>\n\t\t\t\t\t<\/div>\n\t\t<\/div>\n\t\t\t\t\t<\/div>\n\t\t<\/section>\n\t\t\t\t<section class=\"elementor-section elementor-top-section elementor-element elementor-element-77b4530 elementor-section-boxed elementor-section-height-default elementor-section-height-default\" data-id=\"77b4530\" data-element_type=\"section\" data-settings=\"{&quot;background_background&quot;:&quot;classic&quot;}\">\n\t\t\t\t\t\t<div class=\"elementor-container elementor-column-gap-no\">\n\t\t\t\t\t<div class=\"elementor-column elementor-col-100 elementor-top-column elementor-element elementor-element-4d5c083\" data-id=\"4d5c083\" data-element_type=\"column\">\n\t\t\t<div class=\"elementor-widget-wrap elementor-element-populated\">\n\t\t\t\t\t\t<div class=\"elementor-element elementor-element-a09ef7d elementor-invisible elementor-widget elementor-widget-heading\" data-id=\"a09ef7d\" data-element_type=\"widget\" data-settings=\"{&quot;_animation&quot;:&quot;fadeIn&quot;,&quot;_animation_delay&quot;:200}\" data-widget_type=\"heading.default\">\n\t\t\t\t<div class=\"elementor-widget-container\">\n\t\t\t<h5 class=\"elementor-heading-title elementor-size-default\">OBJECTIVES\n<\/h5>\t\t<\/div>\n\t\t\t\t<\/div>\n\t\t\t\t<div class=\"elementor-element elementor-element-834af37 elementor-invisible elementor-widget elementor-widget-heading\" data-id=\"834af37\" data-element_type=\"widget\" data-settings=\"{&quot;_animation&quot;:&quot;fadeIn&quot;,&quot;_animation_delay&quot;:200}\" data-widget_type=\"heading.default\">\n\t\t\t\t<div class=\"elementor-widget-container\">\n\t\t\t<h2 class=\"elementor-heading-title elementor-size-default translation-block\">SET A PLACE AT THE TABLE<br>\nFOR TASTINESS.<\/h2>\t\t<\/div>\n\t\t\t\t<\/div>\n\t\t\t\t<div class=\"elementor-element elementor-element-d411e85 elementor-invisible elementor-widget elementor-widget-text-editor\" data-id=\"d411e85\" data-element_type=\"widget\" data-settings=\"{&quot;_animation&quot;:&quot;fadeIn&quot;,&quot;_animation_delay&quot;:400}\" data-widget_type=\"text-editor.default\">\n\t\t\t\t<div class=\"elementor-widget-container\">\n\t\t\t<style>\/*! elementor - v3.23.0 - 15-07-2024 *\/\n.elementor-widget-text-editor.elementor-drop-cap-view-stacked .elementor-drop-cap{background-color:#69727d;color:#fff}.elementor-widget-text-editor.elementor-drop-cap-view-framed .elementor-drop-cap{color:#69727d;border:3px solid;background-color:transparent}.elementor-widget-text-editor:not(.elementor-drop-cap-view-default) .elementor-drop-cap{margin-top:8px}.elementor-widget-text-editor:not(.elementor-drop-cap-view-default) .elementor-drop-cap-letter{width:1em;height:1em}.elementor-widget-text-editor .elementor-drop-cap{float:left;text-align:center;line-height:1;font-size:50px}.elementor-widget-text-editor .elementor-drop-cap-letter{display:inline-block}<\/style>\t\t\t\t<p class=\" translation-block\">For us at Consorzio Casalasco del Pomodoro, bringing tomato growers and producers together means offering the consumer the certainty of a quality product, because it is made by rigorously applying standards and controls at every phase of production.\n<br><br>\nOur mission is to work alongside customers, partners and brands to develop a wide range of products created with respect for nature and its times.\n<br><br>\nThere are many uses for tomatoes in cooking, and their creative potential is strong. All of us at Consorzio Casalasco are committed at every stage of the supply chain so that not only is the quality unchanged, but it improves - thanks to the research and development work carried out by our laboratories, over time.\n<br><br>\nThis is why we are, and will continue to be, committed to being a point of reference for a conscious, careful and responsible production: we respect the land, we know the origin of our tomatoes, we take care of every phase of cultivation and processing because we believe that attention to and safeguarding of quality are the only way to preserve the tradition of the Italian tomato and its importance in our diet.<\/p>\t\t\t\t\t\t<\/div>\n\t\t\t\t<\/div>\n\t\t\t\t\t<\/div>\n\t\t<\/div>\n\t\t\t\t\t<\/div>\n\t\t<\/section>\n\t\t\t\t<section class=\"elementor-section elementor-top-section elementor-element elementor-element-3dd3856 elementor-section-full_width elementor-section-height-default elementor-section-height-default\" data-id=\"3dd3856\" data-element_type=\"section\">\n\t\t\t\t\t\t<div class=\"elementor-container elementor-column-gap-default\">\n\t\t\t\t\t<div class=\"elementor-column elementor-col-100 elementor-top-column elementor-element elementor-element-401fdda\" data-id=\"401fdda\" data-element_type=\"column\">\n\t\t\t<div class=\"elementor-widget-wrap elementor-element-populated\">\n\t\t\t\t\t\t<div class=\"elementor-element elementor-element-8898bbe elementor-widget elementor-widget-image\" data-id=\"8898bbe\" data-element_type=\"widget\" data-widget_type=\"image.default\">\n\t\t\t\t<div class=\"elementor-widget-container\">\n\t\t\t\t\t\t\t\t\t\t\t\t\t<img decoding=\"async\" width=\"1600\" height=\"759\" src=\"https:\/\/www.ccdp.it\/wp-content\/uploads\/2024\/06\/mano.jpg\" class=\"attachment-full size-full wp-image-796\" alt=\"Consorzio Casalasco Del Pomodoro\" srcset=\"https:\/\/www.ccdp.it\/wp-content\/uploads\/2024\/06\/mano.jpg 1600w, https:\/\/www.ccdp.it\/wp-content\/uploads\/2024\/06\/mano-300x142.jpg 300w, https:\/\/www.ccdp.it\/wp-content\/uploads\/2024\/06\/mano-1024x486.jpg 1024w, https:\/\/www.ccdp.it\/wp-content\/uploads\/2024\/06\/mano-768x364.jpg 768w, https:\/\/www.ccdp.it\/wp-content\/uploads\/2024\/06\/mano-1536x729.jpg 1536w\" sizes=\"(max-width: 1600px) 100vw, 1600px\" \/>\t\t\t\t\t\t\t\t\t\t\t\t\t<\/div>\n\t\t\t\t<\/div>\n\t\t\t\t\t<\/div>\n\t\t<\/div>\n\t\t\t\t\t<\/div>\n\t\t<\/section>\n\t\t\t\t<section class=\"elementor-section elementor-top-section elementor-element elementor-element-a2b8e7a elementor-section-boxed elementor-section-height-default elementor-section-height-default\" data-id=\"a2b8e7a\" data-element_type=\"section\" data-settings=\"{&quot;background_background&quot;:&quot;classic&quot;}\">\n\t\t\t\t\t\t<div class=\"elementor-container elementor-column-gap-no\">\n\t\t\t\t\t<div class=\"elementor-column elementor-col-100 elementor-top-column elementor-element elementor-element-d95da91\" data-id=\"d95da91\" data-element_type=\"column\">\n\t\t\t<div class=\"elementor-widget-wrap elementor-element-populated\">\n\t\t\t\t\t\t<div class=\"elementor-element elementor-element-df06efa elementor-invisible elementor-widget elementor-widget-heading\" data-id=\"df06efa\" data-element_type=\"widget\" data-settings=\"{&quot;_animation&quot;:&quot;fadeIn&quot;,&quot;_animation_delay&quot;:200}\" data-widget_type=\"heading.default\">\n\t\t\t\t<div class=\"elementor-widget-container\">\n\t\t\t<h2 class=\"elementor-heading-title elementor-size-default\">UNITED IN LOVE FOR THE EARTH\n\n\n<\/h2>\t\t<\/div>\n\t\t\t\t<\/div>\n\t\t\t\t<div class=\"elementor-element elementor-element-6daeb22 elementor-invisible elementor-widget elementor-widget-text-editor\" data-id=\"6daeb22\" data-element_type=\"widget\" data-settings=\"{&quot;_animation&quot;:&quot;fadeIn&quot;,&quot;_animation_delay&quot;:400}\" data-widget_type=\"text-editor.default\">\n\t\t\t\t<div class=\"elementor-widget-container\">\n\t\t\t\t\t\t\t<p class=\" translation-block\">All the farmers who take care of our tomatoes every day, establishing a strong bond with the land made up of continuous exchanges, share not only the passion but also the desire to be a guarantee of authenticity and quality.\n<br><br>\nThis is our vision, a heritage handed down from generation to generation, but which has always been rooted in full respect for the soil and its life cycles.<\/p>\t\t\t\t\t\t<\/div>\n\t\t\t\t<\/div>\n\t\t\t\t\t<\/div>\n\t\t<\/div>\n\t\t\t\t\t<\/div>\n\t\t<\/section>\n\t\t\t\t<section class=\"elementor-section elementor-top-section elementor-element elementor-element-09e624f elementor-section-full_width elementor-section-height-default elementor-section-height-default\" data-id=\"09e624f\" data-element_type=\"section\">\n\t\t\t\t\t\t<div class=\"elementor-container elementor-column-gap-default\">\n\t\t\t\t\t<div class=\"elementor-column elementor-col-100 elementor-top-column elementor-element elementor-element-5d0de0a\" data-id=\"5d0de0a\" data-element_type=\"column\">\n\t\t\t<div class=\"elementor-widget-wrap elementor-element-populated\">\n\t\t\t\t\t\t<div class=\"elementor-element elementor-element-0c271cb elementor-widget elementor-widget-image\" data-id=\"0c271cb\" data-element_type=\"widget\" data-widget_type=\"image.default\">\n\t\t\t\t<div class=\"elementor-widget-container\">\n\t\t\t\t\t\t\t\t\t\t\t\t\t<img decoding=\"async\" width=\"1600\" height=\"759\" src=\"https:\/\/www.ccdp.it\/wp-content\/uploads\/2024\/06\/irrigazione.jpg\" class=\"attachment-full size-full wp-image-799\" alt=\"Consorzio Casalasco Del Pomodoro\" srcset=\"https:\/\/www.ccdp.it\/wp-content\/uploads\/2024\/06\/irrigazione.jpg 1600w, https:\/\/www.ccdp.it\/wp-content\/uploads\/2024\/06\/irrigazione-300x142.jpg 300w, https:\/\/www.ccdp.it\/wp-content\/uploads\/2024\/06\/irrigazione-1024x486.jpg 1024w, https:\/\/www.ccdp.it\/wp-content\/uploads\/2024\/06\/irrigazione-768x364.jpg 768w, https:\/\/www.ccdp.it\/wp-content\/uploads\/2024\/06\/irrigazione-1536x729.jpg 1536w\" sizes=\"(max-width: 1600px) 100vw, 1600px\" \/>\t\t\t\t\t\t\t\t\t\t\t\t\t<\/div>\n\t\t\t\t<\/div>\n\t\t\t\t\t<\/div>\n\t\t<\/div>\n\t\t\t\t\t<\/div>\n\t\t<\/section>\n\t\t\t\t<section class=\"elementor-section elementor-top-section elementor-element elementor-element-43acfbb elementor-section-boxed elementor-section-height-default elementor-section-height-default\" data-id=\"43acfbb\" data-element_type=\"section\" data-settings=\"{&quot;background_background&quot;:&quot;classic&quot;}\">\n\t\t\t\t\t\t<div class=\"elementor-container elementor-column-gap-no\">\n\t\t\t\t\t<div class=\"elementor-column elementor-col-100 elementor-top-column elementor-element elementor-element-3589629\" data-id=\"3589629\" data-element_type=\"column\">\n\t\t\t<div class=\"elementor-widget-wrap elementor-element-populated\">\n\t\t\t\t\t\t<div class=\"elementor-element elementor-element-b757558 elementor-invisible elementor-widget elementor-widget-heading\" data-id=\"b757558\" data-element_type=\"widget\" data-settings=\"{&quot;_animation&quot;:&quot;fadeIn&quot;,&quot;_animation_delay&quot;:200}\" data-widget_type=\"heading.default\">\n\t\t\t\t<div class=\"elementor-widget-container\">\n\t\t\t<h2 class=\"elementor-heading-title elementor-size-default translation-block\">WHAT WE DO<br>\nAND HOW WE LIKE TO DO IT<\/h2>\t\t<\/div>\n\t\t\t\t<\/div>\n\t\t\t\t<div class=\"elementor-element elementor-element-f90470f elementor-invisible elementor-widget elementor-widget-text-editor\" data-id=\"f90470f\" data-element_type=\"widget\" data-settings=\"{&quot;_animation&quot;:&quot;fadeIn&quot;,&quot;_animation_delay&quot;:400}\" data-widget_type=\"text-editor.default\">\n\t\t\t\t<div class=\"elementor-widget-container\">\n\t\t\t\t\t\t\t<p class=\" translation-block\">We affiliate and bring producers together to offer the market not only the fruit of their cultivation, but the processed, ready-to-use product.<br><br>\n\nWe guarantee product quality and safety through strict enforcement of standards and control of all production phases.<br><br>\n\nWe make semi-finished products available to top international brands for use as ingredients, sauces and shelf-ready condiments, as a reliable and innovative co-manufacturer.\n<br><br>\nWe apply an ethical management model, i.e. based on the respect, implementation and dissemination throughout the supply chain of standards in defence of Human Rights, Workers' Rights, Legality and the Environment.<\/p>\t\t\t\t\t\t<\/div>\n\t\t\t\t<\/div>\n\t\t\t\t\t<\/div>\n\t\t<\/div>\n\t\t\t\t\t<\/div>\n\t\t<\/section>\n\t\t\t\t<\/div>","protected":false},"excerpt":{"rendered":"<p>Obiettivi OBIETTIVI AGGIUNGI UN POSTO A TAVOLA. METTICI LA BONT\u00c0. Per noi del Consorzio Casalasco del Pomodoro riunire coltivatori e produttori di pomodoro significa offrire al consumatore la certezza di un prodotto di qualit\u00e0, perch\u00e9 realizzato applicando rigorosamente norme e controlli in ogni fase produttiva. La nostra mission \u00e8 quella di affiancare clienti, partner e [&hellip;]<\/p>","protected":false},"author":4,"featured_media":0,"parent":0,"menu_order":0,"comment_status":"closed","ping_status":"closed","template":"","meta":{"_acf_changed":false,"site-sidebar-layout":"no-sidebar","site-content-layout":"page-builder","ast-site-content-layout":"full-width-container","site-content-style":"unboxed","site-sidebar-style":"unboxed","ast-global-header-display":"","ast-banner-title-visibility":"","ast-main-header-display":"","ast-hfb-above-header-display":"","ast-hfb-below-header-display":"","ast-hfb-mobile-header-display":"","site-post-title":"disabled","ast-breadcrumbs-content":"","ast-featured-img":"disabled","footer-sml-layout":"","theme-transparent-header-meta":"","adv-header-id-meta":"","stick-header-meta":"","header-above-stick-meta":"","header-main-stick-meta":"","header-below-stick-meta":"","astra-migrate-meta-layouts":"set","ast-page-background-enabled":"default","ast-page-background-meta":{"desktop":{"background-color":"var(--ast-global-color-4)","background-image":"","background-repeat":"repeat","background-position":"center center","background-size":"auto","background-attachment":"scroll","background-type":"","background-media":"","overlay-type":"","overlay-color":"","overlay-gradient":""},"tablet":{"background-color":"","background-image":"","background-repeat":"repeat","background-position":"center center","background-size":"auto","background-attachment":"scroll","background-type":"","background-media":"","overlay-type":"","overlay-color":"","overlay-gradient":""},"mobile":{"background-color":"","background-image":"","background-repeat":"repeat","background-position":"center center","background-size":"auto","background-attachment":"scroll","background-type":"","background-media":"","overlay-type":"","overlay-color":"","overlay-gradient":""}},"ast-content-background-meta":{"desktop":{"background-color":"var(--ast-global-color-5)","background-image":"","background-repeat":"repeat","background-position":"center center","background-size":"auto","background-attachment":"scroll","background-type":"","background-media":"","overlay-type":"","overlay-color":"","overlay-gradient":""},"tablet":{"background-color":"var(--ast-global-color-5)","background-image":"","background-repeat":"repeat","background-position":"center center","background-size":"auto","background-attachment":"scroll","background-type":"","background-media":"","overlay-type":"","overlay-color":"","overlay-gradient":""},"mobile":{"background-color":"var(--ast-global-color-5)","background-image":"","background-repeat":"repeat","background-position":"center center","background-size":"auto","background-attachment":"scroll","background-type":"","background-media":"","overlay-type":"","overlay-color":"","overlay-gradient":""}},"footnotes":""},"class_list":["post-781","page","type-page","status-publish","hentry"],"acf":[],"yoast_head":"<!-- This site is optimized with the Yoast SEO plugin v23.0 - https:\/\/yoast.com\/wordpress\/plugins\/seo\/ -->\n<title>Obiettivi del Consorzio | Consorzio Casalasco Del Pomodoro<\/title>\n<meta name=\"description\" content=\"Innovazione, qualit\u00e0 e sostenibilit\u00e0: approfondisci gli obiettivi del Consorzio Casalasco Del Pomodoro per il futuro.\" \/>\n<meta name=\"robots\" content=\"index, follow, max-snippet:-1, max-image-preview:large, max-video-preview:-1\" \/>\n<link rel=\"canonical\" href=\"https:\/\/www.ccdp.it\/en\/obiettivi\/\" \/>\n<meta property=\"og:locale\" content=\"en_GB\" \/>\n<meta property=\"og:type\" content=\"article\" \/>\n<meta property=\"og:title\" content=\"Obiettivi del Consorzio | Consorzio Casalasco Del Pomodoro\" \/>\n<meta property=\"og:description\" content=\"Innovazione, qualit\u00e0 e sostenibilit\u00e0: approfondisci gli obiettivi del Consorzio Casalasco Del Pomodoro per il futuro.\" \/>\n<meta property=\"og:url\" content=\"https:\/\/www.ccdp.it\/en\/obiettivi\/\" \/>\n<meta property=\"og:site_name\" content=\"CCDP: Consorzio Casalasco del Pomodoro\" \/>\n<meta property=\"article:modified_time\" content=\"2024-07-15T14:46:57+00:00\" \/>\n<meta property=\"og:image\" content=\"https:\/\/www.ccdp.it\/wp-content\/uploads\/2024\/06\/man.jpg\" \/>\n<meta name=\"twitter:card\" content=\"summary_large_image\" \/>\n<meta name=\"twitter:label1\" content=\"Estimated reading time\" \/>\n\t<meta name=\"twitter:data1\" content=\"3 minutes\" \/>\n<script type=\"application\/ld+json\" class=\"yoast-schema-graph\">{\"@context\":\"https:\/\/schema.org\",\"@graph\":[{\"@type\":\"WebPage\",\"@id\":\"https:\/\/www.ccdp.it\/obiettivi\/\",\"url\":\"https:\/\/www.ccdp.it\/obiettivi\/\",\"name\":\"Obiettivi del Consorzio | Consorzio Casalasco Del Pomodoro\",\"isPartOf\":{\"@id\":\"https:\/\/www.ccdp.it\/#website\"},\"primaryImageOfPage\":{\"@id\":\"https:\/\/www.ccdp.it\/obiettivi\/#primaryimage\"},\"image\":{\"@id\":\"https:\/\/www.ccdp.it\/obiettivi\/#primaryimage\"},\"thumbnailUrl\":\"https:\/\/www.ccdp.it\/wp-content\/uploads\/2024\/06\/man.jpg\",\"datePublished\":\"2024-06-13T09:54:06+00:00\",\"dateModified\":\"2024-07-15T14:46:57+00:00\",\"description\":\"Innovazione, qualit\u00e0 e sostenibilit\u00e0: approfondisci gli obiettivi del Consorzio Casalasco Del Pomodoro per il futuro.\",\"breadcrumb\":{\"@id\":\"https:\/\/www.ccdp.it\/obiettivi\/#breadcrumb\"},\"inLanguage\":\"en-GB\",\"potentialAction\":[{\"@type\":\"ReadAction\",\"target\":[\"https:\/\/www.ccdp.it\/obiettivi\/\"]}]},{\"@type\":\"ImageObject\",\"inLanguage\":\"en-GB\",\"@id\":\"https:\/\/www.ccdp.it\/obiettivi\/#primaryimage\",\"url\":\"https:\/\/www.ccdp.it\/wp-content\/uploads\/2024\/06\/man.jpg\",\"contentUrl\":\"https:\/\/www.ccdp.it\/wp-content\/uploads\/2024\/06\/man.jpg\"},{\"@type\":\"BreadcrumbList\",\"@id\":\"https:\/\/www.ccdp.it\/obiettivi\/#breadcrumb\",\"itemListElement\":[{\"@type\":\"ListItem\",\"position\":1,\"name\":\"Home\",\"item\":\"https:\/\/www.ccdp.it\/\"},{\"@type\":\"ListItem\",\"position\":2,\"name\":\"Obiettivi\"}]},{\"@type\":\"WebSite\",\"@id\":\"https:\/\/www.ccdp.it\/#website\",\"url\":\"https:\/\/www.ccdp.it\/\",\"name\":\"CCDP: Consorzio Casalasco del Pomodoro\",\"description\":\"CCDP dal 1977 passione per la terra\",\"publisher\":{\"@id\":\"https:\/\/www.ccdp.it\/#organization\"},\"potentialAction\":[{\"@type\":\"SearchAction\",\"target\":{\"@type\":\"EntryPoint\",\"urlTemplate\":\"https:\/\/www.ccdp.it\/?s={search_term_string}\"},\"query-input\":\"required name=search_term_string\"}],\"inLanguage\":\"en-GB\"},{\"@type\":\"Organization\",\"@id\":\"https:\/\/www.ccdp.it\/#organization\",\"name\":\"CCDP: Consorzio Casalasco del Pomodoro\",\"url\":\"https:\/\/www.ccdp.it\/\",\"logo\":{\"@type\":\"ImageObject\",\"inLanguage\":\"en-GB\",\"@id\":\"https:\/\/www.ccdp.it\/#\/schema\/logo\/image\/\",\"url\":\"https:\/\/www.ccdp.it\/wp-content\/uploads\/2024\/06\/logo_CCDP.png\",\"contentUrl\":\"https:\/\/www.ccdp.it\/wp-content\/uploads\/2024\/06\/logo_CCDP.png\",\"width\":600,\"height\":435,\"caption\":\"CCDP: Consorzio Casalasco del Pomodoro\"},\"image\":{\"@id\":\"https:\/\/www.ccdp.it\/#\/schema\/logo\/image\/\"}}]}<\/script>\n<!-- \/ Yoast SEO plugin. -->","yoast_head_json":{"title":"Obiettivi del Consorzio | Consorzio Casalasco Del Pomodoro","description":"Innovazione, qualit\u00e0 e sostenibilit\u00e0: approfondisci gli obiettivi del Consorzio Casalasco Del Pomodoro per il futuro.","robots":{"index":"index","follow":"follow","max-snippet":"max-snippet:-1","max-image-preview":"max-image-preview:large","max-video-preview":"max-video-preview:-1"},"canonical":"https:\/\/www.ccdp.it\/en\/obiettivi\/","og_locale":"en_GB","og_type":"article","og_title":"Obiettivi del Consorzio | Consorzio Casalasco Del Pomodoro","og_description":"Innovazione, qualit\u00e0 e sostenibilit\u00e0: approfondisci gli obiettivi del Consorzio Casalasco Del Pomodoro per il futuro.","og_url":"https:\/\/www.ccdp.it\/en\/obiettivi\/","og_site_name":"CCDP: Consorzio Casalasco del Pomodoro","article_modified_time":"2024-07-15T14:46:57+00:00","og_image":[{"url":"https:\/\/www.ccdp.it\/wp-content\/uploads\/2024\/06\/man.jpg"}],"twitter_card":"summary_large_image","twitter_misc":{"Estimated reading time":"3 minutes"},"schema":{"@context":"https:\/\/schema.org","@graph":[{"@type":"WebPage","@id":"https:\/\/www.ccdp.it\/obiettivi\/","url":"https:\/\/www.ccdp.it\/obiettivi\/","name":"Obiettivi del Consorzio | Consorzio Casalasco Del Pomodoro","isPartOf":{"@id":"https:\/\/www.ccdp.it\/#website"},"primaryImageOfPage":{"@id":"https:\/\/www.ccdp.it\/obiettivi\/#primaryimage"},"image":{"@id":"https:\/\/www.ccdp.it\/obiettivi\/#primaryimage"},"thumbnailUrl":"https:\/\/www.ccdp.it\/wp-content\/uploads\/2024\/06\/man.jpg","datePublished":"2024-06-13T09:54:06+00:00","dateModified":"2024-07-15T14:46:57+00:00","description":"Innovazione, qualit\u00e0 e sostenibilit\u00e0: approfondisci gli obiettivi del Consorzio Casalasco Del Pomodoro per il futuro.","breadcrumb":{"@id":"https:\/\/www.ccdp.it\/obiettivi\/#breadcrumb"},"inLanguage":"en-GB","potentialAction":[{"@type":"ReadAction","target":["https:\/\/www.ccdp.it\/obiettivi\/"]}]},{"@type":"ImageObject","inLanguage":"en-GB","@id":"https:\/\/www.ccdp.it\/obiettivi\/#primaryimage","url":"https:\/\/www.ccdp.it\/wp-content\/uploads\/2024\/06\/man.jpg","contentUrl":"https:\/\/www.ccdp.it\/wp-content\/uploads\/2024\/06\/man.jpg"},{"@type":"BreadcrumbList","@id":"https:\/\/www.ccdp.it\/obiettivi\/#breadcrumb","itemListElement":[{"@type":"ListItem","position":1,"name":"Home","item":"https:\/\/www.ccdp.it\/"},{"@type":"ListItem","position":2,"name":"Obiettivi"}]},{"@type":"WebSite","@id":"https:\/\/www.ccdp.it\/#website","url":"https:\/\/www.ccdp.it\/","name":"CCDP: Consorzio Casalasco del Pomodoro","description":"CCDP dal 1977 passione per la terra","publisher":{"@id":"https:\/\/www.ccdp.it\/#organization"},"potentialAction":[{"@type":"SearchAction","target":{"@type":"EntryPoint","urlTemplate":"https:\/\/www.ccdp.it\/?s={search_term_string}"},"query-input":"required name=search_term_string"}],"inLanguage":"en-GB"},{"@type":"Organization","@id":"https:\/\/www.ccdp.it\/#organization","name":"CCDP: Consorzio Casalasco del Pomodoro","url":"https:\/\/www.ccdp.it\/","logo":{"@type":"ImageObject","inLanguage":"en-GB","@id":"https:\/\/www.ccdp.it\/#\/schema\/logo\/image\/","url":"https:\/\/www.ccdp.it\/wp-content\/uploads\/2024\/06\/logo_CCDP.png","contentUrl":"https:\/\/www.ccdp.it\/wp-content\/uploads\/2024\/06\/logo_CCDP.png","width":600,"height":435,"caption":"CCDP: Consorzio Casalasco del Pomodoro"},"image":{"@id":"https:\/\/www.ccdp.it\/#\/schema\/logo\/image\/"}}]}},"_links":{"self":[{"href":"https:\/\/www.ccdp.it\/en\/wp-json\/wp\/v2\/pages\/781","targetHints":{"allow":["GET"]}}],"collection":[{"href":"https:\/\/www.ccdp.it\/en\/wp-json\/wp\/v2\/pages"}],"about":[{"href":"https:\/\/www.ccdp.it\/en\/wp-json\/wp\/v2\/types\/page"}],"author":[{"embeddable":true,"href":"https:\/\/www.ccdp.it\/en\/wp-json\/wp\/v2\/users\/4"}],"replies":[{"embeddable":true,"href":"https:\/\/www.ccdp.it\/en\/wp-json\/wp\/v2\/comments?post=781"}],"version-history":[{"count":0,"href":"https:\/\/www.ccdp.it\/en\/wp-json\/wp\/v2\/pages\/781\/revisions"}],"wp:attachment":[{"href":"https:\/\/www.ccdp.it\/en\/wp-json\/wp\/v2\/media?parent=781"}],"curies":[{"name":"wp","href":"https:\/\/api.w.org\/{rel}","templated":true}]}}