{"id":1236,"date":"2025-12-15T16:00:15","date_gmt":"2025-12-15T16:00:15","guid":{"rendered":"https:\/\/www.ccdp.it\/?page_id=1236"},"modified":"2025-12-15T16:12:10","modified_gmt":"2025-12-15T16:12:10","slug":"dichiarazione-di-accessibilita","status":"publish","type":"page","link":"https:\/\/www.ccdp.it\/en\/dichiarazione-di-accessibilita\/","title":{"rendered":"Dichiarazione di accessibilit\u00c3\u00a0"},"content":{"rendered":"<div data-elementor-type=\"wp-page\" data-elementor-id=\"1236\" class=\"elementor elementor-1236\" data-elementor-post-type=\"page\">\n\t\t\t\t\t\t<section class=\"elementor-section elementor-top-section elementor-element elementor-element-fd39f68 elementor-section-boxed elementor-section-height-default elementor-section-height-default\" data-id=\"fd39f68\" data-element_type=\"section\">\n\t\t\t\t\t\t<div class=\"elementor-container elementor-column-gap-default\">\n\t\t\t\t\t<div class=\"elementor-column elementor-col-100 elementor-top-column elementor-element elementor-element-30bb351\" data-id=\"30bb351\" data-element_type=\"column\">\n\t\t\t<div class=\"elementor-widget-wrap elementor-element-populated\">\n\t\t\t\t\t\t<div class=\"elementor-element elementor-element-efb869c elementor-widget elementor-widget-text-editor\" data-id=\"efb869c\" data-element_type=\"widget\" data-widget_type=\"text-editor.default\">\n\t\t\t\t<div class=\"elementor-widget-container\">\n\t\t\t<style>\/*! elementor - v3.23.0 - 15-07-2024 *\/\n.elementor-widget-text-editor.elementor-drop-cap-view-stacked .elementor-drop-cap{background-color:#69727d;color:#fff}.elementor-widget-text-editor.elementor-drop-cap-view-framed .elementor-drop-cap{color:#69727d;border:3px solid;background-color:transparent}.elementor-widget-text-editor:not(.elementor-drop-cap-view-default) .elementor-drop-cap{margin-top:8px}.elementor-widget-text-editor:not(.elementor-drop-cap-view-default) .elementor-drop-cap-letter{width:1em;height:1em}.elementor-widget-text-editor .elementor-drop-cap{float:left;text-align:center;line-height:1;font-size:50px}.elementor-widget-text-editor .elementor-drop-cap-letter{display:inline-block}<\/style>\t\t\t\t<h1>DICHIARAZIONE DI ACCESSIBILIT\u00c0<\/h1>\t\t\t\t\t\t<\/div>\n\t\t\t\t<\/div>\n\t\t\t\t<div class=\"elementor-element elementor-element-8f5acd7 elementor-widget elementor-widget-text-editor\" data-id=\"8f5acd7\" data-element_type=\"widget\" data-widget_type=\"text-editor.default\">\n\t\t\t\t<div class=\"elementor-widget-container\">\n\t\t\t\t\t\t\t<p><strong>Il nostro impegno per l\u2019accessibilit\u00e0 digitale<\/strong><\/p><p>Siamo costantemente impegnati a ottimizzare l\u2019accessibilit\u00e0 del sito CCDP al fine di migliorare l\u2019esperienza di navigazione da parte di tutti gli utenti, comprese le persone con disabilit\u00e0, anziane, con difficolt\u00e0 nello svolgimento di attivit\u00e0 quali la lettura, la scrittura, il calcolo e\/o con limitate competenze linguistiche. Il nostro obiettivo \u00e8 offrire un\u2019esperienza di navigazione agevole e inclusiva.<\/p><p><strong>Cosa stiamo facendo per migliorare l\u2019accessibilit\u00e0 digitale<\/strong><\/p><p>Stiamo lavorando per rimuovere eventuali problemi di accessibilit\u00e0, svolgendo attivit\u00e0 di analisi e monitoraggio del livello di accessibilit\u00e0 con il supporto di <a href=\"https:\/\/yeahimpresasociale.it\" target=\"_blank\" rel=\"noopener\" data-cke-saved-href=\"https:\/\/yeahimpresasociale.it\">Yeah!<\/a>, una cooperativa sociale impegnata a promuovere l\u2019inclusione digitale e lavorativa delle persone con disabilit\u00e0.<\/p><p><strong>Dettaglio attivit\u00e0 svolte:<\/strong><\/p><ul><li>Technical analysis by Web Accessibility Experts, based on the W3C WCAG 2.1 international standards<\/li><li>User Test con la partecipazione di utenti con disabilit\u00e0<\/li><li>Pubblicazione della \u201cDichiarazione di accessibilit\u00e0\u201d<\/li><\/ul><p><strong>Attivit\u00e0 in corso:<\/strong><\/p><ul><li>Piano di rimediazione delle criticit\u00e0<\/li><\/ul><div data-cke-filler-webkit=\"end\" data-cke-temp=\"1\"><a href=\"https:\/\/www.ccdp.it\/wp-content\/uploads\/2025\/12\/Dichiarazione-Accessibilita_Ccdp.pdf\" target=\"_blank\" rel=\"noopener\">Dichiarazione di accessibilit\u00e0 2025<\/a><\/div>\t\t\t\t\t\t<\/div>\n\t\t\t\t<\/div>\n\t\t\t\t\t<\/div>\n\t\t<\/div>\n\t\t\t\t\t<\/div>\n\t\t<\/section>\n\t\t\t\t<\/div>","protected":false},"excerpt":{"rendered":"<p>DICHIARAZIONE DI ACCESSIBILIT\u00c3\u20ac Il nostro impegno per l\u00e2\u20ac\u2122accessibilit\u00c3\u00a0 digitale Siamo costantemente impegnati a ottimizzare l\u00e2\u20ac\u2122accessibilit\u00c3\u00a0 del sito CCDP al fine di migliorare l\u00e2\u20ac\u2122esperienza di navigazione da parte di tutti gli utenti, comprese le persone con disabilit\u00c3\u00a0, anziane, con difficolt\u00c3\u00a0 nello svolgimento di attivit\u00c3\u00a0 quali la lettura, la scrittura, il calcolo e\/o con limitate competenze linguistiche. [&hellip;]<\/p>","protected":false},"author":5,"featured_media":0,"parent":0,"menu_order":0,"comment_status":"closed","ping_status":"closed","template":"","meta":{"_acf_changed":false,"site-sidebar-layout":"no-sidebar","site-content-layout":"page-builder","ast-site-content-layout":"full-width-container","site-content-style":"default","site-sidebar-style":"default","ast-global-header-display":"","ast-banner-title-visibility":"","ast-main-header-display":"","ast-hfb-above-header-display":"","ast-hfb-below-header-display":"","ast-hfb-mobile-header-display":"","site-post-title":"disabled","ast-breadcrumbs-content":"","ast-featured-img":"disabled","footer-sml-layout":"","theme-transparent-header-meta":"","adv-header-id-meta":"","stick-header-meta":"","header-above-stick-meta":"","header-main-stick-meta":"","header-below-stick-meta":"","astra-migrate-meta-layouts":"set","ast-page-background-enabled":"default","ast-page-background-meta":{"desktop":{"background-color":"var(--ast-global-color-4)","background-image":"","background-repeat":"repeat","background-position":"center center","background-size":"auto","background-attachment":"scroll","background-type":"","background-media":"","overlay-type":"","overlay-color":"","overlay-gradient":""},"tablet":{"background-color":"","background-image":"","background-repeat":"repeat","background-position":"center center","background-size":"auto","background-attachment":"scroll","background-type":"","background-media":"","overlay-type":"","overlay-color":"","overlay-gradient":""},"mobile":{"background-color":"","background-image":"","background-repeat":"repeat","background-position":"center center","background-size":"auto","background-attachment":"scroll","background-type":"","background-media":"","overlay-type":"","overlay-color":"","overlay-gradient":""}},"ast-content-background-meta":{"desktop":{"background-color":"var(--ast-global-color-5)","background-image":"","background-repeat":"repeat","background-position":"center center","background-size":"auto","background-attachment":"scroll","background-type":"","background-media":"","overlay-type":"","overlay-color":"","overlay-gradient":""},"tablet":{"background-color":"var(--ast-global-color-5)","background-image":"","background-repeat":"repeat","background-position":"center center","background-size":"auto","background-attachment":"scroll","background-type":"","background-media":"","overlay-type":"","overlay-color":"","overlay-gradient":""},"mobile":{"background-color":"var(--ast-global-color-5)","background-image":"","background-repeat":"repeat","background-position":"center center","background-size":"auto","background-attachment":"scroll","background-type":"","background-media":"","overlay-type":"","overlay-color":"","overlay-gradient":""}},"footnotes":""},"class_list":["post-1236","page","type-page","status-publish","hentry"],"acf":[],"yoast_head":"<!-- This site is optimized with the Yoast SEO plugin v23.0 - https:\/\/yoast.com\/wordpress\/plugins\/seo\/ -->\n<title>Dichiarazione di accessibilit\u00c3\u00a0 - CCDP: Consorzio Casalasco del Pomodoro<\/title>\n<meta name=\"robots\" content=\"index, follow, max-snippet:-1, max-image-preview:large, max-video-preview:-1\" \/>\n<link rel=\"canonical\" href=\"https:\/\/www.ccdp.it\/en\/dichiarazione-di-accessibilita\/\" \/>\n<meta property=\"og:locale\" content=\"en_GB\" \/>\n<meta property=\"og:type\" content=\"article\" \/>\n<meta property=\"og:title\" content=\"Dichiarazione di accessibilit\u00c3\u00a0 - CCDP: Consorzio Casalasco del Pomodoro\" \/>\n<meta property=\"og:description\" content=\"DICHIARAZIONE DI ACCESSIBILIT\u00c3\u20ac Il nostro impegno per l\u00e2\u20ac\u2122accessibilit\u00c3\u00a0 digitale Siamo costantemente impegnati a ottimizzare l\u00e2\u20ac\u2122accessibilit\u00c3\u00a0 del sito CCDP al fine di migliorare l\u00e2\u20ac\u2122esperienza di navigazione da parte di tutti gli utenti, comprese le persone con disabilit\u00c3\u00a0, anziane, con difficolt\u00c3\u00a0 nello svolgimento di attivit\u00c3\u00a0 quali la lettura, la scrittura, il calcolo e\/o con limitate competenze linguistiche. [&hellip;]\" \/>\n<meta property=\"og:url\" content=\"https:\/\/www.ccdp.it\/en\/dichiarazione-di-accessibilita\/\" \/>\n<meta property=\"og:site_name\" content=\"CCDP: Consorzio Casalasco del Pomodoro\" \/>\n<meta property=\"article:modified_time\" content=\"2025-12-15T16:12:10+00:00\" \/>\n<meta name=\"twitter:card\" content=\"summary_large_image\" \/>\n<meta name=\"twitter:label1\" content=\"Estimated reading time\" \/>\n\t<meta name=\"twitter:data1\" content=\"1 minute\" \/>\n<script type=\"application\/ld+json\" class=\"yoast-schema-graph\">{\"@context\":\"https:\/\/schema.org\",\"@graph\":[{\"@type\":\"WebPage\",\"@id\":\"https:\/\/www.ccdp.it\/dichiarazione-di-accessibilita\/\",\"url\":\"https:\/\/www.ccdp.it\/dichiarazione-di-accessibilita\/\",\"name\":\"Dichiarazione di accessibilit\u00c3\u00a0 - CCDP: Consorzio Casalasco del Pomodoro\",\"isPartOf\":{\"@id\":\"https:\/\/www.ccdp.it\/#website\"},\"datePublished\":\"2025-12-15T16:00:15+00:00\",\"dateModified\":\"2025-12-15T16:12:10+00:00\",\"breadcrumb\":{\"@id\":\"https:\/\/www.ccdp.it\/dichiarazione-di-accessibilita\/#breadcrumb\"},\"inLanguage\":\"en-GB\",\"potentialAction\":[{\"@type\":\"ReadAction\",\"target\":[\"https:\/\/www.ccdp.it\/dichiarazione-di-accessibilita\/\"]}]},{\"@type\":\"BreadcrumbList\",\"@id\":\"https:\/\/www.ccdp.it\/dichiarazione-di-accessibilita\/#breadcrumb\",\"itemListElement\":[{\"@type\":\"ListItem\",\"position\":1,\"name\":\"Home\",\"item\":\"https:\/\/www.ccdp.it\/\"},{\"@type\":\"ListItem\",\"position\":2,\"name\":\"Dichiarazione di accessibilit\u00c3\u00a0\"}]},{\"@type\":\"WebSite\",\"@id\":\"https:\/\/www.ccdp.it\/#website\",\"url\":\"https:\/\/www.ccdp.it\/\",\"name\":\"CCDP: Consorzio Casalasco del Pomodoro\",\"description\":\"CCDP dal 1977 passione per la terra\",\"publisher\":{\"@id\":\"https:\/\/www.ccdp.it\/#organization\"},\"potentialAction\":[{\"@type\":\"SearchAction\",\"target\":{\"@type\":\"EntryPoint\",\"urlTemplate\":\"https:\/\/www.ccdp.it\/?s={search_term_string}\"},\"query-input\":\"required name=search_term_string\"}],\"inLanguage\":\"en-GB\"},{\"@type\":\"Organization\",\"@id\":\"https:\/\/www.ccdp.it\/#organization\",\"name\":\"CCDP: Consorzio Casalasco del Pomodoro\",\"url\":\"https:\/\/www.ccdp.it\/\",\"logo\":{\"@type\":\"ImageObject\",\"inLanguage\":\"en-GB\",\"@id\":\"https:\/\/www.ccdp.it\/#\/schema\/logo\/image\/\",\"url\":\"https:\/\/www.ccdp.it\/wp-content\/uploads\/2024\/06\/logo_CCDP.png\",\"contentUrl\":\"https:\/\/www.ccdp.it\/wp-content\/uploads\/2024\/06\/logo_CCDP.png\",\"width\":600,\"height\":435,\"caption\":\"CCDP: Consorzio Casalasco del Pomodoro\"},\"image\":{\"@id\":\"https:\/\/www.ccdp.it\/#\/schema\/logo\/image\/\"}}]}<\/script>\n<!-- \/ Yoast SEO plugin. -->","yoast_head_json":{"title":"Dichiarazione di accessibilit\u00c3\u00a0 - CCDP: Consorzio Casalasco del Pomodoro","robots":{"index":"index","follow":"follow","max-snippet":"max-snippet:-1","max-image-preview":"max-image-preview:large","max-video-preview":"max-video-preview:-1"},"canonical":"https:\/\/www.ccdp.it\/en\/dichiarazione-di-accessibilita\/","og_locale":"en_GB","og_type":"article","og_title":"Dichiarazione di accessibilit\u00c3\u00a0 - CCDP: Consorzio Casalasco del Pomodoro","og_description":"DICHIARAZIONE DI ACCESSIBILIT\u00c3\u20ac Il nostro impegno per l\u00e2\u20ac\u2122accessibilit\u00c3\u00a0 digitale Siamo costantemente impegnati a ottimizzare l\u00e2\u20ac\u2122accessibilit\u00c3\u00a0 del sito CCDP al fine di migliorare l\u00e2\u20ac\u2122esperienza di navigazione da parte di tutti gli utenti, comprese le persone con disabilit\u00c3\u00a0, anziane, con difficolt\u00c3\u00a0 nello svolgimento di attivit\u00c3\u00a0 quali la lettura, la scrittura, il calcolo e\/o con limitate competenze linguistiche. [&hellip;]","og_url":"https:\/\/www.ccdp.it\/en\/dichiarazione-di-accessibilita\/","og_site_name":"CCDP: Consorzio Casalasco del Pomodoro","article_modified_time":"2025-12-15T16:12:10+00:00","twitter_card":"summary_large_image","twitter_misc":{"Estimated reading time":"1 minute"},"schema":{"@context":"https:\/\/schema.org","@graph":[{"@type":"WebPage","@id":"https:\/\/www.ccdp.it\/dichiarazione-di-accessibilita\/","url":"https:\/\/www.ccdp.it\/dichiarazione-di-accessibilita\/","name":"Dichiarazione di accessibilit\u00c3\u00a0 - CCDP: Consorzio Casalasco del Pomodoro","isPartOf":{"@id":"https:\/\/www.ccdp.it\/#website"},"datePublished":"2025-12-15T16:00:15+00:00","dateModified":"2025-12-15T16:12:10+00:00","breadcrumb":{"@id":"https:\/\/www.ccdp.it\/dichiarazione-di-accessibilita\/#breadcrumb"},"inLanguage":"en-GB","potentialAction":[{"@type":"ReadAction","target":["https:\/\/www.ccdp.it\/dichiarazione-di-accessibilita\/"]}]},{"@type":"BreadcrumbList","@id":"https:\/\/www.ccdp.it\/dichiarazione-di-accessibilita\/#breadcrumb","itemListElement":[{"@type":"ListItem","position":1,"name":"Home","item":"https:\/\/www.ccdp.it\/"},{"@type":"ListItem","position":2,"name":"Dichiarazione di accessibilit\u00c3\u00a0"}]},{"@type":"WebSite","@id":"https:\/\/www.ccdp.it\/#website","url":"https:\/\/www.ccdp.it\/","name":"CCDP: Consorzio Casalasco del Pomodoro","description":"CCDP dal 1977 passione per la terra","publisher":{"@id":"https:\/\/www.ccdp.it\/#organization"},"potentialAction":[{"@type":"SearchAction","target":{"@type":"EntryPoint","urlTemplate":"https:\/\/www.ccdp.it\/?s={search_term_string}"},"query-input":"required name=search_term_string"}],"inLanguage":"en-GB"},{"@type":"Organization","@id":"https:\/\/www.ccdp.it\/#organization","name":"CCDP: Consorzio Casalasco del Pomodoro","url":"https:\/\/www.ccdp.it\/","logo":{"@type":"ImageObject","inLanguage":"en-GB","@id":"https:\/\/www.ccdp.it\/#\/schema\/logo\/image\/","url":"https:\/\/www.ccdp.it\/wp-content\/uploads\/2024\/06\/logo_CCDP.png","contentUrl":"https:\/\/www.ccdp.it\/wp-content\/uploads\/2024\/06\/logo_CCDP.png","width":600,"height":435,"caption":"CCDP: Consorzio Casalasco del Pomodoro"},"image":{"@id":"https:\/\/www.ccdp.it\/#\/schema\/logo\/image\/"}}]}},"_links":{"self":[{"href":"https:\/\/www.ccdp.it\/en\/wp-json\/wp\/v2\/pages\/1236","targetHints":{"allow":["GET"]}}],"collection":[{"href":"https:\/\/www.ccdp.it\/en\/wp-json\/wp\/v2\/pages"}],"about":[{"href":"https:\/\/www.ccdp.it\/en\/wp-json\/wp\/v2\/types\/page"}],"author":[{"embeddable":true,"href":"https:\/\/www.ccdp.it\/en\/wp-json\/wp\/v2\/users\/5"}],"replies":[{"embeddable":true,"href":"https:\/\/www.ccdp.it\/en\/wp-json\/wp\/v2\/comments?post=1236"}],"version-history":[{"count":7,"href":"https:\/\/www.ccdp.it\/en\/wp-json\/wp\/v2\/pages\/1236\/revisions"}],"predecessor-version":[{"id":1246,"href":"https:\/\/www.ccdp.it\/en\/wp-json\/wp\/v2\/pages\/1236\/revisions\/1246"}],"wp:attachment":[{"href":"https:\/\/www.ccdp.it\/en\/wp-json\/wp\/v2\/media?parent=1236"}],"curies":[{"name":"wp","href":"https:\/\/api.w.org\/{rel}","templated":true}]}}